{"id":677,"date":"2023-02-10T14:05:27","date_gmt":"2023-02-10T14:05:27","guid":{"rendered":"https:\/\/royalhijyen.com\/ar\/?page_id=677"},"modified":"2023-02-16T10:26:15","modified_gmt":"2023-02-16T10:26:15","slug":"active-baby","status":"publish","type":"page","link":"https:\/\/royalhijyen.com\/ar\/%d8%ad%d9%81%d8%a7%d8%b6%d8%a7%d8%aa\/active-baby\/","title":{"rendered":"Active Baby"},"content":{"rendered":"\t<section class=\"section\" id=\"section_1127817790\">\n\t\t<div class=\"bg section-bg fill bg-fill  bg-loaded\" >\n\n\t\t\t\n\t\t\t\n\t\t\t\n\n\t\t<\/div>\n\n\t\t\n\t<div class=\"ux-shape-divider ux-shape-divider--bottom ux-shape-divider--style-waves ux-shape-divider--to-front\">\n\t\t<svg viewBox=\"0 0 1200 120\" xmlns=\"http:\/\/www.w3.org\/2000\/svg\" preserveAspectRatio=\"none\">\n  <path class=\"ux-shape-fill\" d=\"M321.39 63.56c58 10.79 114.16 30.13 172 41.86 82.39 16.72 168.19 17.73 250.45.39C823.78 89 906.67 48 985.66 27.17c70.05-18.48 146.53-26.09 214.34-3V120H0V92.65a600.21 600.21 0 01321.39-29.09z\"\/>\n<\/svg>\n\t<\/div>\n\n\t\t<div class=\"section-content relative\">\n\t\t\t\n<div class=\"row row-collapse row-full-width\"  id=\"row-813682024\">\n\n\t<div id=\"col-1654936789\" class=\"col small-12 large-12\"  >\n\t\t\t\t<div class=\"col-inner\"  >\n\t\t\t\n\t\t\t\n\n  <div class=\"banner has-hover\" id=\"banner-406571922\">\n          <div class=\"banner-inner fill\">\n        <div class=\"banner-bg fill\" >\n            <div class=\"bg fill bg-fill \"><\/div>\n                        <div class=\"overlay\"><\/div>            \n                    <\/div>\n\t\t\n        <div class=\"banner-layers container\">\n            <div class=\"fill banner-link\"><\/div>            \n   <div id=\"text-box-1844694420\" class=\"text-box banner-layer x15 md-x15 lg-x15 y30 md-y30 lg-y30 res-text\">\n                                <div class=\"text-box-content text dark\">\n              \n              <div class=\"text-inner text-left\">\n                  \n\t<div class=\"img has-hover x md-x lg-x y md-y lg-y\" id=\"image_2073632237\">\n\t\t\t\t\t\t\t\t<div class=\"img-inner dark\" >\n\t\t\t<img loading=\"lazy\" decoding=\"async\" width=\"1020\" height=\"612\" src=\"https:\/\/royalhijyen.com\/ar\/wp-content\/uploads\/2023\/02\/activebabay-yenilogo.png\" class=\"attachment-large size-large\" alt=\"\" srcset=\"https:\/\/royalhijyen.com\/ar\/wp-content\/uploads\/2023\/02\/activebabay-yenilogo.png 1024w, https:\/\/royalhijyen.com\/ar\/wp-content\/uploads\/2023\/02\/activebabay-yenilogo-300x180.png 300w, https:\/\/royalhijyen.com\/ar\/wp-content\/uploads\/2023\/02\/activebabay-yenilogo-768x461.png 768w, https:\/\/royalhijyen.com\/ar\/wp-content\/uploads\/2023\/02\/activebabay-yenilogo-600x360.png 600w\" sizes=\"auto, (max-width: 1020px) 100vw, 1020px\" \/>\t\t\t\t\t\t\n\t\t\t\t\t<\/div>\n\t\t\t\t\t\t\t\t\n<style>\n#image_2073632237 {\n  width: 100%;\n}\n<\/style>\n\t<\/div>\n\t\n              <\/div>\n           <\/div>\n                            \n<style>\n#text-box-1844694420 {\n  margin: 0px 0px 0px 20px;\n  width: 61%;\n}\n#text-box-1844694420 .text-box-content {\n  font-size: 100%;\n}\n@media (min-width:550px) {\n  #text-box-1844694420 {\n    width: 24%;\n  }\n}\n<\/style>\n    <\/div>\n \n        <\/div>\n      <\/div>\n\n            \n<style>\n#banner-406571922 {\n  padding-top: 90%;\n}\n#banner-406571922 .bg.bg-loaded {\n  background-image: url(https:\/\/royalhijyen.com\/ar\/wp-content\/uploads\/2023\/02\/banner-bebek-bezi.png);\n}\n#banner-406571922 .overlay {\n  background-color: rgba(166, 76, 34, 0.477);\n}\n#banner-406571922 .bg {\n  background-position: 100% 0%;\n}\n#banner-406571922 .ux-shape-divider--top svg {\n  height: 150px;\n  --divider-top-width: 100%;\n}\n#banner-406571922 .ux-shape-divider--bottom svg {\n  height: 150px;\n  --divider-width: 100%;\n}\n@media (min-width:550px) {\n  #banner-406571922 {\n    padding-top: 29%;\n  }\n}\n<\/style>\n  <\/div>\n\n\n\t\t<\/div>\n\t\t\t\t\t<\/div>\n\n\t\n<\/div>\n\t\t<\/div>\n\n\t\t\n<style>\n#section_1127817790 {\n  padding-top: 0px;\n  padding-bottom: 0px;\n}\n#section_1127817790 .ux-shape-divider--top svg {\n  height: 150px;\n  --divider-top-width: 100%;\n}\n#section_1127817790 .ux-shape-divider--bottom svg {\n  height: 150px;\n  --divider-width: 197%;\n}\n<\/style>\n\t<\/section>\n\t\n\t<section class=\"section\" id=\"section_1424937082\">\n\t\t<div class=\"bg section-bg fill bg-fill  bg-loaded\" >\n\n\t\t\t\n\t\t\t\n\t\t\t\n\n\t\t<\/div>\n\n\t\t\n\n\t\t<div class=\"section-content relative\">\n\t\t\t\n<div class=\"row align-middle\"  id=\"row-334622814\">\n\n\t<div id=\"col-1689603403\" class=\"col medium-6 small-12 large-6\"  data-animate=\"fadeInLeft\">\n\t\t\t\t<div class=\"col-inner\"  >\n\t\t\t\n\t\t\t\n\t<div id=\"text-1988501147\" class=\"text\">\n\t\t\n<h2 style=\"margin-bottom: 20px;\"><span style=\"font-size: 170%; color: #a64c22;\"><span style=\"font-family: impact, sans-serif;\"><br \/>Active Baby<\/span> <span style=\"color: #000000;\">Bebek Bezleri<\/span><br \/><\/span><\/h2>\n<p>Active Baby bebek bezleri bebe\u011finizin belini nazik\u00e7e saran elastik kanatlara, s\u0131v\u0131y\u0131 e\u015fit olarak da\u011f\u0131tan yumu\u015fac\u0131k \u00fcst y\u00fczeye, nefes alan tekstil d\u0131\u015f y\u00fczeye ve 12 saate kadar kuruluk sa\u011flayan y\u00fcksek emme kapasitesine sahiptir. Active Baby bebek bezleri g\u00fcn i\u00e7erisinde \u00f6zg\u00fcrce hareket, gece boyu iste maksimum kuruluk sa\u011flar.<\/p>\n<p>Bebek bezlerimizde kulland\u0131\u011f\u0131m\u0131z b\u00fct\u00fcn ham maddeler dermatolojik olarak test edilmi\u015f olmakla beraber son teknoloji \u00fcretim tesislerimizde insan eline de\u011fmeden \u00fcretilmektedir.<\/p>\n<p>ACTIVE BABY \u0130LE BEBEKLER MUTLU, EBEVEYNLER HUZURLU!<\/p>\n\t\t\n<style>\n#text-1988501147 {\n  color: rgba(166, 76, 34, 0.674);\n}\n#text-1988501147 > * {\n  color: rgba(166, 76, 34, 0.674);\n}\n<\/style>\n\t<\/div>\n\t\n\t\t<\/div>\n\t\t\t\t\t<\/div>\n\n\t\n\n\t<div id=\"col-2016717994\" class=\"col hide-for-small medium-1 small-12 large-1\"  >\n\t\t\t\t<div class=\"col-inner\"  >\n\t\t\t\n\t\t\t\n\t\t<\/div>\n\t\t\t\t\t<\/div>\n\n\t\n\n\t<div id=\"col-1667323739\" class=\"col medium-5 small-12 large-5\"  >\n\t\t\t\t<div class=\"col-inner\"  >\n\t\t\t\n\t\t\t\n\t<div class=\"img has-hover x md-x lg-x y md-y lg-y\" id=\"image_1039914350\">\n\t\t\t\t\t\t<div data-animate=\"fadeInRight\">\t\t<div class=\"img-inner dark\" >\n\t\t\t<img loading=\"lazy\" decoding=\"async\" width=\"1020\" height=\"1020\" src=\"https:\/\/royalhijyen.com\/ar\/wp-content\/uploads\/2023\/02\/bebek-bezleri-active-baby-1024x1024.png\" class=\"attachment-large size-large\" alt=\"\" srcset=\"https:\/\/royalhijyen.com\/ar\/wp-content\/uploads\/2023\/02\/bebek-bezleri-active-baby-1024x1024.png 1024w, https:\/\/royalhijyen.com\/ar\/wp-content\/uploads\/2023\/02\/bebek-bezleri-active-baby-300x300.png 300w, https:\/\/royalhijyen.com\/ar\/wp-content\/uploads\/2023\/02\/bebek-bezleri-active-baby-150x150.png 150w, https:\/\/royalhijyen.com\/ar\/wp-content\/uploads\/2023\/02\/bebek-bezleri-active-baby-768x768.png 768w, https:\/\/royalhijyen.com\/ar\/wp-content\/uploads\/2023\/02\/bebek-bezleri-active-baby-600x600.png 600w, https:\/\/royalhijyen.com\/ar\/wp-content\/uploads\/2023\/02\/bebek-bezleri-active-baby-100x100.png 100w, https:\/\/royalhijyen.com\/ar\/wp-content\/uploads\/2023\/02\/bebek-bezleri-active-baby.png 1080w\" sizes=\"auto, (max-width: 1020px) 100vw, 1020px\" \/>\t\t\t\t\t\t\n\t\t\t\t\t<\/div>\n\t\t<\/div>\t\t\t\t\t\t\n<style>\n#image_1039914350 {\n  width: 100%;\n}\n<\/style>\n\t<\/div>\n\t\n\t\t<\/div>\n\t\t\t\t\t<\/div>\n\n\t\n<\/div>\n\t\t<\/div>\n\n\t\t\n<style>\n#section_1424937082 {\n  padding-top: 60px;\n  padding-bottom: 60px;\n}\n#section_1424937082 .ux-shape-divider--top svg {\n  height: 150px;\n  --divider-top-width: 100%;\n}\n#section_1424937082 .ux-shape-divider--bottom svg {\n  height: 150px;\n  --divider-width: 100%;\n}\n<\/style>\n\t<\/section>\n\t\n\t<section class=\"section\" id=\"section_2107816016\">\n\t\t<div class=\"bg section-bg fill bg-fill  bg-loaded\" >\n\n\t\t\t\n\t\t\t\n\t\t\t\n\n\t\t<\/div>\n\n\t\t\n\n\t\t<div class=\"section-content relative\">\n\t\t\t\n<div class=\"row row-collapse\"  id=\"row-1276925035\">\n\n\t<div id=\"col-1712036740\" class=\"col small-12 large-12\"  >\n\t\t\t\t<div class=\"col-inner\"  >\n\t\t\t\n\t\t\t\n\t<div id=\"text-2895358038\" class=\"text\">\n\t\t\n<h2 style=\"margin-bottom: 20px;\"><span style=\"font-size: 170%; color: #a64c22;\"><span style=\"font-family: impact, sans-serif;\">Active Baby<\/span> <span style=\"color: #000000;\">Bebek Bezi Modelleri<\/span><br \/>\n<\/span><\/h2>\n\t\t\n<style>\n#text-2895358038 {\n  font-size: 0.75rem;\n  text-align: center;\n}\n<\/style>\n\t<\/div>\n\t\n\t\t<\/div>\n\t\t\t\t\n<style>\n#col-1712036740 > .col-inner {\n  padding: 0px 10px 0px 10px;\n}\n<\/style>\n\t<\/div>\n\n\t\n<\/div>\n<div class=\"row\"  id=\"row-629234891\">\n\n\t<div id=\"col-2062166233\" class=\"col medium-3 small-6 large-3\"  data-animate=\"fadeInDown\">\n\t\t\t\t<div class=\"col-inner\"  >\n\t\t\t\n\t\t\t\n\t<div class=\"img has-hover x md-x lg-x y md-y lg-y\" id=\"image_1268421903\">\n\t\t<a class=\"image-lightbox lightbox-gallery\" title=\"\" href=\"https:\/\/royalhijyen.com\/ar\/wp-content\/uploads\/2023\/02\/active-44-pcs-mini.jpg\">\t\t\t\t\t\t<div class=\"img-inner image-zoom image-zoom dark\" >\n\t\t\t<img loading=\"lazy\" decoding=\"async\" width=\"800\" height=\"800\" src=\"https:\/\/royalhijyen.com\/ar\/wp-content\/uploads\/2023\/02\/active-44-pcs-mini.jpg\" class=\"attachment-original size-original\" alt=\"\" srcset=\"https:\/\/royalhijyen.com\/ar\/wp-content\/uploads\/2023\/02\/active-44-pcs-mini.jpg 800w, https:\/\/royalhijyen.com\/ar\/wp-content\/uploads\/2023\/02\/active-44-pcs-mini-300x300.jpg 300w, https:\/\/royalhijyen.com\/ar\/wp-content\/uploads\/2023\/02\/active-44-pcs-mini-150x150.jpg 150w, https:\/\/royalhijyen.com\/ar\/wp-content\/uploads\/2023\/02\/active-44-pcs-mini-768x768.jpg 768w, https:\/\/royalhijyen.com\/ar\/wp-content\/uploads\/2023\/02\/active-44-pcs-mini-600x600.jpg 600w, https:\/\/royalhijyen.com\/ar\/wp-content\/uploads\/2023\/02\/active-44-pcs-mini-100x100.jpg 100w\" sizes=\"auto, (max-width: 800px) 100vw, 800px\" \/>\t\t\t\t\t\t\n\t\t\t\t\t<\/div>\n\t\t\t\t\t\t<\/a>\t\t\n<style>\n#image_1268421903 {\n  width: 100%;\n}\n<\/style>\n\t<\/div>\n\t\n\t<div id=\"text-2348026924\" class=\"text\">\n\t\t\n<h3 style=\"margin-bottom: 20px;\"><span style=\"font-size: 170%; color: #a64c22;\"><span style=\"font-family: impact, sans-serif;\"><span style=\"font-size: 100%;\">Active Baby<\/span><br \/>\n<\/span><\/span><strong>3 &#8211; 6 (kg)<\/strong><\/h3>\n\t\t\n<style>\n#text-2348026924 {\n  font-size: 0.9rem;\n  text-align: center;\n}\n<\/style>\n\t<\/div>\n\t\n\t\t<\/div>\n\t\t\t\t\t<\/div>\n\n\t\n\n\t<div id=\"col-1509514799\" class=\"col medium-3 small-6 large-3\"  data-animate=\"fadeInDown\">\n\t\t\t\t<div class=\"col-inner\"  >\n\t\t\t\n\t\t\t\n\t<div class=\"img has-hover x md-x lg-x y md-y lg-y\" id=\"image_983566201\">\n\t\t<a class=\"image-lightbox lightbox-gallery\" title=\"\" href=\"https:\/\/royalhijyen.com\/ar\/wp-content\/uploads\/2023\/02\/active-40-pcs-midi.jpg\">\t\t\t\t\t\t<div class=\"img-inner image-zoom image-zoom dark\" >\n\t\t\t<img loading=\"lazy\" decoding=\"async\" width=\"800\" height=\"800\" src=\"https:\/\/royalhijyen.com\/ar\/wp-content\/uploads\/2023\/02\/active-40-pcs-midi.jpg\" class=\"attachment-original size-original\" alt=\"\" srcset=\"https:\/\/royalhijyen.com\/ar\/wp-content\/uploads\/2023\/02\/active-40-pcs-midi.jpg 800w, https:\/\/royalhijyen.com\/ar\/wp-content\/uploads\/2023\/02\/active-40-pcs-midi-300x300.jpg 300w, https:\/\/royalhijyen.com\/ar\/wp-content\/uploads\/2023\/02\/active-40-pcs-midi-150x150.jpg 150w, https:\/\/royalhijyen.com\/ar\/wp-content\/uploads\/2023\/02\/active-40-pcs-midi-768x768.jpg 768w, https:\/\/royalhijyen.com\/ar\/wp-content\/uploads\/2023\/02\/active-40-pcs-midi-600x600.jpg 600w, https:\/\/royalhijyen.com\/ar\/wp-content\/uploads\/2023\/02\/active-40-pcs-midi-100x100.jpg 100w\" sizes=\"auto, (max-width: 800px) 100vw, 800px\" \/>\t\t\t\t\t\t\n\t\t\t\t\t<\/div>\n\t\t\t\t\t\t<\/a>\t\t\n<style>\n#image_983566201 {\n  width: 100%;\n}\n<\/style>\n\t<\/div>\n\t\n\t<div id=\"text-3162539793\" class=\"text\">\n\t\t\n<h3 style=\"margin-bottom: 20px;\"><span style=\"font-size: 170%; color: #a64c22;\"><span style=\"font-family: impact, sans-serif;\"><span style=\"font-size: 100%;\">Active Baby<\/span><br \/>\n<\/span><\/span><strong>4 &#8211; 9 (kg)<\/strong><\/h3>\n\t\t\n<style>\n#text-3162539793 {\n  font-size: 0.9rem;\n  text-align: center;\n}\n<\/style>\n\t<\/div>\n\t\n\t\t<\/div>\n\t\t\t\t\t<\/div>\n\n\t\n\n\t<div id=\"col-1421042272\" class=\"col medium-3 small-6 large-3\"  data-animate=\"fadeInDown\">\n\t\t\t\t<div class=\"col-inner\"  >\n\t\t\t\n\t\t\t\n\t<div class=\"img has-hover x md-x lg-x y md-y lg-y\" id=\"image_2086873030\">\n\t\t<a class=\"image-lightbox lightbox-gallery\" title=\"\" href=\"https:\/\/royalhijyen.com\/ar\/wp-content\/uploads\/2023\/02\/active-36pcs-maxi.jpg\">\t\t\t\t\t\t<div class=\"img-inner image-zoom image-zoom dark\" >\n\t\t\t<img loading=\"lazy\" decoding=\"async\" width=\"800\" height=\"800\" src=\"https:\/\/royalhijyen.com\/ar\/wp-content\/uploads\/2023\/02\/active-36pcs-maxi.jpg\" class=\"attachment-original size-original\" alt=\"\" srcset=\"https:\/\/royalhijyen.com\/ar\/wp-content\/uploads\/2023\/02\/active-36pcs-maxi.jpg 800w, https:\/\/royalhijyen.com\/ar\/wp-content\/uploads\/2023\/02\/active-36pcs-maxi-300x300.jpg 300w, https:\/\/royalhijyen.com\/ar\/wp-content\/uploads\/2023\/02\/active-36pcs-maxi-150x150.jpg 150w, https:\/\/royalhijyen.com\/ar\/wp-content\/uploads\/2023\/02\/active-36pcs-maxi-768x768.jpg 768w, https:\/\/royalhijyen.com\/ar\/wp-content\/uploads\/2023\/02\/active-36pcs-maxi-600x600.jpg 600w, https:\/\/royalhijyen.com\/ar\/wp-content\/uploads\/2023\/02\/active-36pcs-maxi-100x100.jpg 100w\" sizes=\"auto, (max-width: 800px) 100vw, 800px\" \/>\t\t\t\t\t\t\n\t\t\t\t\t<\/div>\n\t\t\t\t\t\t<\/a>\t\t\n<style>\n#image_2086873030 {\n  width: 100%;\n}\n<\/style>\n\t<\/div>\n\t\n\t<div id=\"text-3819179629\" class=\"text\">\n\t\t\n<h3 style=\"margin-bottom: 20px;\"><span style=\"font-size: 170%; color: #a64c22;\"><span style=\"font-family: impact, sans-serif;\"><span style=\"font-size: 100%;\">Active Baby<\/span><br \/>\n<\/span><\/span><strong>7 &#8211; 18 (kg)<\/strong><\/h3>\n\t\t\n<style>\n#text-3819179629 {\n  font-size: 0.9rem;\n  text-align: center;\n}\n<\/style>\n\t<\/div>\n\t\n\t\t<\/div>\n\t\t\t\t\t<\/div>\n\n\t\n\n\t<div id=\"col-504435056\" class=\"col medium-3 small-6 large-3\"  data-animate=\"fadeInDown\">\n\t\t\t\t<div class=\"col-inner\"  >\n\t\t\t\n\t\t\t\n\t<div class=\"img has-hover x md-x lg-x y md-y lg-y\" id=\"image_195198884\">\n\t\t<a class=\"image-lightbox lightbox-gallery\" title=\"\" href=\"https:\/\/royalhijyen.com\/ar\/wp-content\/uploads\/2023\/02\/active-28pcs-junior.jpg\">\t\t\t\t\t\t<div class=\"img-inner image-zoom image-zoom dark\" >\n\t\t\t<img loading=\"lazy\" decoding=\"async\" width=\"800\" height=\"800\" src=\"https:\/\/royalhijyen.com\/ar\/wp-content\/uploads\/2023\/02\/active-28pcs-junior.jpg\" class=\"attachment-original size-original\" alt=\"\" srcset=\"https:\/\/royalhijyen.com\/ar\/wp-content\/uploads\/2023\/02\/active-28pcs-junior.jpg 800w, https:\/\/royalhijyen.com\/ar\/wp-content\/uploads\/2023\/02\/active-28pcs-junior-300x300.jpg 300w, https:\/\/royalhijyen.com\/ar\/wp-content\/uploads\/2023\/02\/active-28pcs-junior-150x150.jpg 150w, https:\/\/royalhijyen.com\/ar\/wp-content\/uploads\/2023\/02\/active-28pcs-junior-768x768.jpg 768w, https:\/\/royalhijyen.com\/ar\/wp-content\/uploads\/2023\/02\/active-28pcs-junior-600x600.jpg 600w, https:\/\/royalhijyen.com\/ar\/wp-content\/uploads\/2023\/02\/active-28pcs-junior-100x100.jpg 100w\" sizes=\"auto, (max-width: 800px) 100vw, 800px\" \/>\t\t\t\t\t\t\n\t\t\t\t\t<\/div>\n\t\t\t\t\t\t<\/a>\t\t\n<style>\n#image_195198884 {\n  width: 100%;\n}\n<\/style>\n\t<\/div>\n\t\n\t<div id=\"text-3987950515\" class=\"text\">\n\t\t\n<h3 style=\"margin-bottom: 20px;\"><span style=\"font-size: 170%; color: #a64c22;\"><span style=\"font-family: impact, sans-serif;\"><span style=\"font-size: 100%;\">Active Baby<\/span><br \/><\/span><\/span><strong>11 &#8211; 25 (kg)<\/strong><\/h3>\n\t\t\n<style>\n#text-3987950515 {\n  font-size: 0.9rem;\n  text-align: center;\n}\n<\/style>\n\t<\/div>\n\t\n\t\t<\/div>\n\t\t\t\t\t<\/div>\n\n\t\n<\/div>\n\t\t<\/div>\n\n\t\t\n<style>\n#section_2107816016 {\n  padding-top: 0px;\n  padding-bottom: 0px;\n}\n#section_2107816016 .ux-shape-divider--top svg {\n  height: 150px;\n  --divider-top-width: 100%;\n}\n#section_2107816016 .ux-shape-divider--bottom svg {\n  height: 150px;\n  --divider-width: 100%;\n}\n<\/style>\n\t<\/section>\n\t\n\t<div id=\"gap-185207297\" class=\"gap-element clearfix\" style=\"display:block; height:auto;\">\n\t\t\n<style>\n#gap-185207297 {\n  padding-top: 40px;\n}\n<\/style>\n\t<\/div>\n\t\n","protected":false},"excerpt":{"rendered":"","protected":false},"author":1,"featured_media":0,"parent":522,"menu_order":0,"comment_status":"closed","ping_status":"closed","template":"page-blank.php","meta":{"inline_featured_image":false,"_joinchat":[],"footnotes":""},"class_list":["post-677","page","type-page","status-publish","hentry"],"_links":{"self":[{"href":"https:\/\/royalhijyen.com\/ar\/wp-json\/wp\/v2\/pages\/677","targetHints":{"allow":["GET"]}}],"collection":[{"href":"https:\/\/royalhijyen.com\/ar\/wp-json\/wp\/v2\/pages"}],"about":[{"href":"https:\/\/royalhijyen.com\/ar\/wp-json\/wp\/v2\/types\/page"}],"author":[{"embeddable":true,"href":"https:\/\/royalhijyen.com\/ar\/wp-json\/wp\/v2\/users\/1"}],"replies":[{"embeddable":true,"href":"https:\/\/royalhijyen.com\/ar\/wp-json\/wp\/v2\/comments?post=677"}],"version-history":[{"count":15,"href":"https:\/\/royalhijyen.com\/ar\/wp-json\/wp\/v2\/pages\/677\/revisions"}],"predecessor-version":[{"id":976,"href":"https:\/\/royalhijyen.com\/ar\/wp-json\/wp\/v2\/pages\/677\/revisions\/976"}],"up":[{"embeddable":true,"href":"https:\/\/royalhijyen.com\/ar\/wp-json\/wp\/v2\/pages\/522"}],"wp:attachment":[{"href":"https:\/\/royalhijyen.com\/ar\/wp-json\/wp\/v2\/media?parent=677"}],"curies":[{"name":"wp","href":"https:\/\/api.w.org\/{rel}","templated":true}]}}