{"id":990,"date":"2023-02-16T12:34:42","date_gmt":"2023-02-16T12:34:42","guid":{"rendered":"https:\/\/royalhijyen.com\/en\/?page_id=990"},"modified":"2025-06-30T14:56:59","modified_gmt":"2025-06-30T14:56:59","slug":"blog","status":"publish","type":"page","link":"https:\/\/royalhijyen.com\/en\/blog\/","title":{"rendered":"Blog"},"content":{"rendered":"\t<section class=\"section\" id=\"section_592491201\">\n\t\t<div class=\"bg section-bg fill bg-fill  bg-loaded\" >\n\n\t\t\t\n\t\t\t\n\t\t\t\n\n\t\t<\/div>\n\n\t\t\n\t<div class=\"ux-shape-divider ux-shape-divider--bottom ux-shape-divider--style-waves ux-shape-divider--to-front\">\n\t\t<svg viewBox=\"0 0 1200 120\" xmlns=\"http:\/\/www.w3.org\/2000\/svg\" preserveAspectRatio=\"none\">\n  <path class=\"ux-shape-fill\" d=\"M321.39 63.56c58 10.79 114.16 30.13 172 41.86 82.39 16.72 168.19 17.73 250.45.39C823.78 89 906.67 48 985.66 27.17c70.05-18.48 146.53-26.09 214.34-3V120H0V92.65a600.21 600.21 0 01321.39-29.09z\"\/>\n<\/svg>\n\t<\/div>\n\n\t\t<div class=\"section-content relative\">\n\t\t\t\n<div class=\"row row-collapse row-full-width\"  id=\"row-1884289276\">\n\n\t<div id=\"col-804827212\" class=\"col small-12 large-12\"  >\n\t\t\t\t<div class=\"col-inner\"  >\n\t\t\t\n\t\t\t\n\n  <div class=\"banner has-hover\" id=\"banner-7840489\">\n          <div class=\"banner-inner fill\">\n        <div class=\"banner-bg fill\" >\n            <div class=\"bg fill bg-fill \"><\/div>\n                        <div class=\"overlay\"><\/div>            \n                    <\/div>\n\t\t\n        <div class=\"banner-layers container\">\n            <div class=\"fill banner-link\"><\/div>            \n   <div id=\"text-box-1723990779\" class=\"text-box banner-layer x15 md-x15 lg-x15 y30 md-y30 lg-y30 res-text\">\n                                <div class=\"text-box-content text dark\">\n              \n              <div class=\"text-inner text-center\">\n                  \n\t<div id=\"text-1165774511\" class=\"text\">\n\t\t\n<h1 class=\"uppercase\"><span style=\"font-size: 150%;\"><strong>Media and News<\/strong><\/span><\/h1>\n<p><span style=\"font-size: 120%;\"><a href=\"https:\/\/royalhijyen.com\/en\/\">Homepage<\/a> \u232a <a href=\"https:\/\/royalhijyen.com\/en\/anasayfa\/royal-urun\/\">Products<\/a> \u232a <strong><span style=\"color: #ffffff;\"><a style=\"color: #ffffff;\" href=\"https:\/\/royalhijyen.com\/en\/bebek-bezleri\/\">Media and News<\/a><\/span><\/strong><\/span><\/p>\n\t\t\n<style>\n#text-1165774511 {\n  text-align: left;\n}\n<\/style>\n\t<\/div>\n\t\n              <\/div>\n           <\/div>\n                            \n<style>\n#text-box-1723990779 {\n  margin: 0px 0px 0px 20px;\n  width: 61%;\n}\n#text-box-1723990779 .text-box-content {\n  font-size: 100%;\n}\n@media (min-width:550px) {\n  #text-box-1723990779 {\n    width: 34%;\n  }\n}\n<\/style>\n    <\/div>\n \n        <\/div>\n      <\/div>\n\n            \n<style>\n#banner-7840489 {\n  padding-top: 90%;\n}\n#banner-7840489 .bg.bg-loaded {\n  background-image: url(https:\/\/royalhijyen.com\/en\/wp-content\/uploads\/2023\/02\/blog-banner.png);\n}\n#banner-7840489 .overlay {\n  background-color: rgba(73, 102, 153, 0.692);\n}\n#banner-7840489 .bg {\n  background-position: 100% 0%;\n}\n#banner-7840489 .ux-shape-divider--top svg {\n  height: 150px;\n  --divider-top-width: 100%;\n}\n#banner-7840489 .ux-shape-divider--bottom svg {\n  height: 150px;\n  --divider-width: 100%;\n}\n@media (min-width:550px) {\n  #banner-7840489 {\n    padding-top: 29%;\n  }\n}\n<\/style>\n  <\/div>\n\n\n\t\t<\/div>\n\t\t\t\t\t<\/div>\n\n\t\n<\/div>\n\t\t<\/div>\n\n\t\t\n<style>\n#section_592491201 {\n  padding-top: 0px;\n  padding-bottom: 0px;\n}\n#section_592491201 .ux-shape-divider--top svg {\n  height: 150px;\n  --divider-top-width: 100%;\n}\n#section_592491201 .ux-shape-divider--bottom svg {\n  height: 150px;\n  --divider-width: 197%;\n}\n<\/style>\n\t<\/section>\n\t\n\t<section class=\"section\" id=\"section_439569893\">\n\t\t<div class=\"bg section-bg fill bg-fill  bg-loaded\" >\n\n\t\t\t\n\t\t\t\n\t\t\t\n\n\t\t<\/div>\n\n\t\t\n\n\t\t<div class=\"section-content relative\">\n\t\t\t\n\n  \n    <div class=\"row large-columns-4 medium-columns-3 small-columns-1 has-shadow row-box-shadow-1\">\n  <div class=\"col post-item\" data-animate=\"fadeInLeft\">\n\t\t\t<div class=\"col-inner\">\n\t\t\t<a href=\"https:\/\/royalhijyen.com\/en\/global-baby-diapers-market-trends-and-opportunities\/\" class=\"plain\">\n\t\t\t\t<div class=\"box box-overlay dark box-text-bottom box-blog-post has-hover\">\n            \t\t\t\t\t<div class=\"box-image\" >\n  \t\t\t\t\t\t<div class=\"image-color image-overlay-remove-50 image-cover\" style=\"padding-top:144%;\">\n  \t\t\t\t\t\t\t<img loading=\"lazy\" decoding=\"async\" width=\"300\" height=\"300\" src=\"https:\/\/royalhijyen.com\/en\/wp-content\/uploads\/2025\/10\/PandaBarnyardB_Lifestyle-300x300.jpg\" class=\"attachment-medium size-medium wp-post-image\" alt=\"Global Baby Diapers\" srcset=\"https:\/\/royalhijyen.com\/en\/wp-content\/uploads\/2025\/10\/PandaBarnyardB_Lifestyle-300x300.jpg 300w, https:\/\/royalhijyen.com\/en\/wp-content\/uploads\/2025\/10\/PandaBarnyardB_Lifestyle-150x150.jpg 150w, https:\/\/royalhijyen.com\/en\/wp-content\/uploads\/2025\/10\/PandaBarnyardB_Lifestyle-768x768.jpg 768w, https:\/\/royalhijyen.com\/en\/wp-content\/uploads\/2025\/10\/PandaBarnyardB_Lifestyle-600x600.jpg 600w, https:\/\/royalhijyen.com\/en\/wp-content\/uploads\/2025\/10\/PandaBarnyardB_Lifestyle-100x100.jpg 100w, https:\/\/royalhijyen.com\/en\/wp-content\/uploads\/2025\/10\/PandaBarnyardB_Lifestyle.jpg 1000w\" sizes=\"auto, (max-width: 300px) 100vw, 300px\" title=\"\">  \t\t\t\t\t\t\t<div class=\"overlay\" style=\"background-color: rgba(0, 0, 0, 0.56)\"><\/div>  \t\t\t\t\t\t\t  \t\t\t\t\t\t<\/div>\n  \t\t\t\t\t\t  \t\t\t\t\t<\/div>\n          \t\t\t\t\t<div class=\"box-text text-center\" >\n\t\t\t\t\t<div class=\"box-text-inner blog-post-inner\">\n\n\t\t\t\t\t\n\t\t\t\t\t\t\t\t\t\t<h5 class=\"post-title is-large uppercase\">Global Baby Diapers Market Trends and Opportunities<\/h5>\n\t\t\t\t\t\t\t\t\t\t<div class=\"is-divider\"><\/div>\n\t\t\t\t\t\t\t\t\t\t<p class=\"from_the_blog_excerpt \">Global Baby Diapers Market Trends and Opportunities The global\t\t\t\t\t<\/p>\n\t\t\t\t\t                    \n\t\t\t\t\t\n\t\t\t\t\t\n\t\t\t\t\t<\/div>\n\t\t\t\t\t<\/div>\n\t\t\t\t\t\t\t\t\t<\/div>\n\t\t\t\t<\/a>\n\t\t\t<\/div>\n\t\t<\/div><div class=\"col post-item\" data-animate=\"fadeInLeft\">\n\t\t\t<div class=\"col-inner\">\n\t\t\t<a href=\"https:\/\/royalhijyen.com\/en\/adult-diaper-production-for-modern-comfort\/\" class=\"plain\">\n\t\t\t\t<div class=\"box box-overlay dark box-text-bottom box-blog-post has-hover\">\n            \t\t\t\t\t<div class=\"box-image\" >\n  \t\t\t\t\t\t<div class=\"image-color image-overlay-remove-50 image-cover\" style=\"padding-top:144%;\">\n  \t\t\t\t\t\t\t<img loading=\"lazy\" decoding=\"async\" width=\"300\" height=\"300\" src=\"https:\/\/royalhijyen.com\/en\/wp-content\/uploads\/2023\/02\/preline-80pcs-mini-300x300.jpg\" class=\"attachment-medium size-medium wp-post-image\" alt=\"Adult Diaper Production for Modern Comfort\" srcset=\"https:\/\/royalhijyen.com\/en\/wp-content\/uploads\/2023\/02\/preline-80pcs-mini-300x300.jpg 300w, https:\/\/royalhijyen.com\/en\/wp-content\/uploads\/2023\/02\/preline-80pcs-mini-150x150.jpg 150w, https:\/\/royalhijyen.com\/en\/wp-content\/uploads\/2023\/02\/preline-80pcs-mini-768x768.jpg 768w, https:\/\/royalhijyen.com\/en\/wp-content\/uploads\/2023\/02\/preline-80pcs-mini-600x600.jpg 600w, https:\/\/royalhijyen.com\/en\/wp-content\/uploads\/2023\/02\/preline-80pcs-mini-100x100.jpg 100w, https:\/\/royalhijyen.com\/en\/wp-content\/uploads\/2023\/02\/preline-80pcs-mini.jpg 800w\" sizes=\"auto, (max-width: 300px) 100vw, 300px\" title=\"\">  \t\t\t\t\t\t\t<div class=\"overlay\" style=\"background-color: rgba(0, 0, 0, 0.56)\"><\/div>  \t\t\t\t\t\t\t  \t\t\t\t\t\t<\/div>\n  \t\t\t\t\t\t  \t\t\t\t\t<\/div>\n          \t\t\t\t\t<div class=\"box-text text-center\" >\n\t\t\t\t\t<div class=\"box-text-inner blog-post-inner\">\n\n\t\t\t\t\t\n\t\t\t\t\t\t\t\t\t\t<h5 class=\"post-title is-large uppercase\">Adult Diaper Production for Modern Comfort<\/h5>\n\t\t\t\t\t\t\t\t\t\t<div class=\"is-divider\"><\/div>\n\t\t\t\t\t\t\t\t\t\t<p class=\"from_the_blog_excerpt \">Adult Diaper Production for Modern Comfort In today&#8217;s fast-paced\t\t\t\t\t<\/p>\n\t\t\t\t\t                    \n\t\t\t\t\t\n\t\t\t\t\t\n\t\t\t\t\t<\/div>\n\t\t\t\t\t<\/div>\n\t\t\t\t\t\t\t\t\t<\/div>\n\t\t\t\t<\/a>\n\t\t\t<\/div>\n\t\t<\/div><div class=\"col post-item\" data-animate=\"fadeInLeft\">\n\t\t\t<div class=\"col-inner\">\n\t\t\t<a href=\"https:\/\/royalhijyen.com\/en\/adult-diapers-from-turkish-diaper-manufacturer\/\" class=\"plain\">\n\t\t\t\t<div class=\"box box-overlay dark box-text-bottom box-blog-post has-hover\">\n            \t\t\t\t\t<div class=\"box-image\" >\n  \t\t\t\t\t\t<div class=\"image-color image-overlay-remove-50 image-cover\" style=\"padding-top:144%;\">\n  \t\t\t\t\t\t\t<img loading=\"lazy\" decoding=\"async\" width=\"225\" height=\"300\" src=\"https:\/\/royalhijyen.com\/en\/wp-content\/uploads\/2023\/03\/PHOTO-2023-03-07-14-34-05-225x300.jpg\" class=\"attachment-medium size-medium wp-post-image\" alt=\"Patient Diapers and Their Contribution to Quality of Life\" srcset=\"https:\/\/royalhijyen.com\/en\/wp-content\/uploads\/2023\/03\/PHOTO-2023-03-07-14-34-05-225x300.jpg 225w, https:\/\/royalhijyen.com\/en\/wp-content\/uploads\/2023\/03\/PHOTO-2023-03-07-14-34-05-768x1024.jpg 768w, https:\/\/royalhijyen.com\/en\/wp-content\/uploads\/2023\/03\/PHOTO-2023-03-07-14-34-05-1152x1536.jpg 1152w, https:\/\/royalhijyen.com\/en\/wp-content\/uploads\/2023\/03\/PHOTO-2023-03-07-14-34-05-600x800.jpg 600w, https:\/\/royalhijyen.com\/en\/wp-content\/uploads\/2023\/03\/PHOTO-2023-03-07-14-34-05.jpg 1536w\" sizes=\"auto, (max-width: 225px) 100vw, 225px\" title=\"\">  \t\t\t\t\t\t\t<div class=\"overlay\" style=\"background-color: rgba(0, 0, 0, 0.56)\"><\/div>  \t\t\t\t\t\t\t  \t\t\t\t\t\t<\/div>\n  \t\t\t\t\t\t  \t\t\t\t\t<\/div>\n          \t\t\t\t\t<div class=\"box-text text-center\" >\n\t\t\t\t\t<div class=\"box-text-inner blog-post-inner\">\n\n\t\t\t\t\t\n\t\t\t\t\t\t\t\t\t\t<h5 class=\"post-title is-large uppercase\">Adult Diapers from Turkish Diaper Manufacturer<\/h5>\n\t\t\t\t\t\t\t\t\t\t<div class=\"is-divider\"><\/div>\n\t\t\t\t\t\t\t\t\t\t<p class=\"from_the_blog_excerpt \">EN &#8211; We succesfully loaded the Still Medical Adult\t\t\t\t\t<\/p>\n\t\t\t\t\t                    \n\t\t\t\t\t\n\t\t\t\t\t\n\t\t\t\t\t<\/div>\n\t\t\t\t\t<\/div>\n\t\t\t\t\t\t\t\t\t<\/div>\n\t\t\t\t<\/a>\n\t\t\t<\/div>\n\t\t<\/div><div class=\"col post-item\" data-animate=\"fadeInLeft\">\n\t\t\t<div class=\"col-inner\">\n\t\t\t<a href=\"https:\/\/royalhijyen.com\/en\/baby-diaper-raw-material-shipment-bebek-bezi-hammaddesi-yuklemesi\/\" class=\"plain\">\n\t\t\t\t<div class=\"box box-overlay dark box-text-bottom box-blog-post has-hover\">\n            \t\t\t\t\t<div class=\"box-image\" >\n  \t\t\t\t\t\t<div class=\"image-color image-overlay-remove-50 image-cover\" style=\"padding-top:144%;\">\n  \t\t\t\t\t\t\t<img loading=\"lazy\" decoding=\"async\" width=\"300\" height=\"300\" src=\"https:\/\/royalhijyen.com\/en\/wp-content\/uploads\/2023\/03\/3m-hot-melt-300x300.jpg\" class=\"attachment-medium size-medium wp-post-image\" alt=\"Wet Wipes Producers in Turkey\" srcset=\"https:\/\/royalhijyen.com\/en\/wp-content\/uploads\/2023\/03\/3m-hot-melt-300x300.jpg 300w, https:\/\/royalhijyen.com\/en\/wp-content\/uploads\/2023\/03\/3m-hot-melt-1024x1024.jpg 1024w, https:\/\/royalhijyen.com\/en\/wp-content\/uploads\/2023\/03\/3m-hot-melt-150x150.jpg 150w, https:\/\/royalhijyen.com\/en\/wp-content\/uploads\/2023\/03\/3m-hot-melt-768x768.jpg 768w, https:\/\/royalhijyen.com\/en\/wp-content\/uploads\/2023\/03\/3m-hot-melt-1536x1536.jpg 1536w, https:\/\/royalhijyen.com\/en\/wp-content\/uploads\/2023\/03\/3m-hot-melt-600x600.jpg 600w, https:\/\/royalhijyen.com\/en\/wp-content\/uploads\/2023\/03\/3m-hot-melt-100x100.jpg 100w, https:\/\/royalhijyen.com\/en\/wp-content\/uploads\/2023\/03\/3m-hot-melt.jpg 2048w\" sizes=\"auto, (max-width: 300px) 100vw, 300px\" title=\"\">  \t\t\t\t\t\t\t<div class=\"overlay\" style=\"background-color: rgba(0, 0, 0, 0.56)\"><\/div>  \t\t\t\t\t\t\t  \t\t\t\t\t\t<\/div>\n  \t\t\t\t\t\t  \t\t\t\t\t<\/div>\n          \t\t\t\t\t<div class=\"box-text text-center\" >\n\t\t\t\t\t<div class=\"box-text-inner blog-post-inner\">\n\n\t\t\t\t\t\n\t\t\t\t\t\t\t\t\t\t<h5 class=\"post-title is-large uppercase\">BABY DIAPER RAW MATERIAL SHIPMENT &#8211; BEBEK BEZ\u0130 HAMMADDES\u0130 Y\u00dcKLEMES\u0130<\/h5>\n\t\t\t\t\t\t\t\t\t\t<div class=\"is-divider\"><\/div>\n\t\t\t\t\t\t\t\t\t\t<p class=\"from_the_blog_excerpt \">EN &#8211; WE SUCCESFULLY LOADED 3M MAGIC HOOK, 3M\t\t\t\t\t<\/p>\n\t\t\t\t\t                    \n\t\t\t\t\t\n\t\t\t\t\t\n\t\t\t\t\t<\/div>\n\t\t\t\t\t<\/div>\n\t\t\t\t\t\t\t\t\t<\/div>\n\t\t\t\t<\/a>\n\t\t\t<\/div>\n\t\t<\/div><div class=\"col post-item\" data-animate=\"fadeInLeft\">\n\t\t\t<div class=\"col-inner\">\n\t\t\t<a href=\"https:\/\/royalhijyen.com\/en\/bebek-bezi-makinesi-baby-diaper-machine\/\" class=\"plain\">\n\t\t\t\t<div class=\"box box-overlay dark box-text-bottom box-blog-post has-hover\">\n            \t\t\t\t\t<div class=\"box-image\" >\n  \t\t\t\t\t\t<div class=\"image-color image-overlay-remove-50 image-cover\" style=\"padding-top:144%;\">\n  \t\t\t\t\t\t\t<img loading=\"lazy\" decoding=\"async\" width=\"300\" height=\"169\" src=\"https:\/\/royalhijyen.com\/en\/wp-content\/uploads\/2023\/02\/teknik-300x169.jpg\" class=\"attachment-medium size-medium wp-post-image\" alt=\"High-Quality Baby Diaper Production\" srcset=\"https:\/\/royalhijyen.com\/en\/wp-content\/uploads\/2023\/02\/teknik-300x169.jpg 300w, https:\/\/royalhijyen.com\/en\/wp-content\/uploads\/2023\/02\/teknik-1024x576.jpg 1024w, https:\/\/royalhijyen.com\/en\/wp-content\/uploads\/2023\/02\/teknik-768x432.jpg 768w, https:\/\/royalhijyen.com\/en\/wp-content\/uploads\/2023\/02\/teknik-1536x864.jpg 1536w, https:\/\/royalhijyen.com\/en\/wp-content\/uploads\/2023\/02\/teknik-600x338.jpg 600w, https:\/\/royalhijyen.com\/en\/wp-content\/uploads\/2023\/02\/teknik.jpg 1920w\" sizes=\"auto, (max-width: 300px) 100vw, 300px\" title=\"\">  \t\t\t\t\t\t\t<div class=\"overlay\" style=\"background-color: rgba(0, 0, 0, 0.56)\"><\/div>  \t\t\t\t\t\t\t  \t\t\t\t\t\t<\/div>\n  \t\t\t\t\t\t  \t\t\t\t\t<\/div>\n          \t\t\t\t\t<div class=\"box-text text-center\" >\n\t\t\t\t\t<div class=\"box-text-inner blog-post-inner\">\n\n\t\t\t\t\t\n\t\t\t\t\t\t\t\t\t\t<h5 class=\"post-title is-large uppercase\">BEBEK BEZ\u0130 MAK\u0130NES\u0130 &#8211; Baby Diaper Machine<\/h5>\n\t\t\t\t\t\t\t\t\t\t<div class=\"is-divider\"><\/div>\n\t\t\t\t\t\t\t\t\t\t<p class=\"from_the_blog_excerpt \">EN &#8211; ROYAL HYGIENE SELL ALL KIND OF BABY\t\t\t\t\t<\/p>\n\t\t\t\t\t                    \n\t\t\t\t\t\n\t\t\t\t\t\n\t\t\t\t\t<\/div>\n\t\t\t\t\t<\/div>\n\t\t\t\t\t\t\t\t\t<\/div>\n\t\t\t\t<\/a>\n\t\t\t<\/div>\n\t\t<\/div><div class=\"col post-item\" data-animate=\"fadeInLeft\">\n\t\t\t<div class=\"col-inner\">\n\t\t\t<a href=\"https:\/\/royalhijyen.com\/en\/still-medical-adult-diaper-shipment-still-medical-hasta-bezi-yuklemesi\/\" class=\"plain\">\n\t\t\t\t<div class=\"box box-overlay dark box-text-bottom box-blog-post has-hover\">\n            \t\t\t\t\t<div class=\"box-image\" >\n  \t\t\t\t\t\t<div class=\"image-color image-overlay-remove-50 image-cover\" style=\"padding-top:144%;\">\n  \t\t\t\t\t\t\t<img loading=\"lazy\" decoding=\"async\" width=\"135\" height=\"300\" src=\"https:\/\/royalhijyen.com\/en\/wp-content\/uploads\/2023\/02\/PHOTO-2023-02-27-14-44-33-135x300.jpg\" class=\"attachment-medium size-medium wp-post-image\" alt=\"Best Sanitary Pads for Sensitive Skin\" srcset=\"https:\/\/royalhijyen.com\/en\/wp-content\/uploads\/2023\/02\/PHOTO-2023-02-27-14-44-33-135x300.jpg 135w, https:\/\/royalhijyen.com\/en\/wp-content\/uploads\/2023\/02\/PHOTO-2023-02-27-14-44-33-461x1024.jpg 461w, https:\/\/royalhijyen.com\/en\/wp-content\/uploads\/2023\/02\/PHOTO-2023-02-27-14-44-33-768x1707.jpg 768w, https:\/\/royalhijyen.com\/en\/wp-content\/uploads\/2023\/02\/PHOTO-2023-02-27-14-44-33-691x1536.jpg 691w, https:\/\/royalhijyen.com\/en\/wp-content\/uploads\/2023\/02\/PHOTO-2023-02-27-14-44-33-600x1333.jpg 600w, https:\/\/royalhijyen.com\/en\/wp-content\/uploads\/2023\/02\/PHOTO-2023-02-27-14-44-33.jpg 900w\" sizes=\"auto, (max-width: 135px) 100vw, 135px\" title=\"\">  \t\t\t\t\t\t\t<div class=\"overlay\" style=\"background-color: rgba(0, 0, 0, 0.56)\"><\/div>  \t\t\t\t\t\t\t  \t\t\t\t\t\t<\/div>\n  \t\t\t\t\t\t  \t\t\t\t\t<\/div>\n          \t\t\t\t\t<div class=\"box-text text-center\" >\n\t\t\t\t\t<div class=\"box-text-inner blog-post-inner\">\n\n\t\t\t\t\t\n\t\t\t\t\t\t\t\t\t\t<h5 class=\"post-title is-large uppercase\">Still Medical Adult Diaper Shipment &#8211; Still Medical<\/h5>\n\t\t\t\t\t\t\t\t\t\t<div class=\"is-divider\"><\/div>\n\t\t\t\t\t\t\t\t\t\t<p class=\"from_the_blog_excerpt \">EN &#8211; We succesfully made the Still Medical Premium\t\t\t\t\t<\/p>\n\t\t\t\t\t                    \n\t\t\t\t\t\n\t\t\t\t\t\n\t\t\t\t\t<\/div>\n\t\t\t\t\t<\/div>\n\t\t\t\t\t\t\t\t\t<\/div>\n\t\t\t\t<\/a>\n\t\t\t<\/div>\n\t\t<\/div><div class=\"col post-item\" data-animate=\"fadeInLeft\">\n\t\t\t<div class=\"col-inner\">\n\t\t\t<a href=\"https:\/\/royalhijyen.com\/en\/bebek-bezi-sevkiyat\/\" class=\"plain\">\n\t\t\t\t<div class=\"box box-overlay dark box-text-bottom box-blog-post has-hover\">\n            \t\t\t\t\t<div class=\"box-image\" >\n  \t\t\t\t\t\t<div class=\"image-color image-overlay-remove-50 image-cover\" style=\"padding-top:144%;\">\n  \t\t\t\t\t\t\t<img loading=\"lazy\" decoding=\"async\" width=\"225\" height=\"300\" src=\"https:\/\/royalhijyen.com\/en\/wp-content\/uploads\/2023\/02\/PHOTO-2021-09-01-02-09-27-225x300.jpg\" class=\"attachment-medium size-medium wp-post-image\" alt=\"Baby Diaper Production Process\" srcset=\"https:\/\/royalhijyen.com\/en\/wp-content\/uploads\/2023\/02\/PHOTO-2021-09-01-02-09-27-225x300.jpg 225w, https:\/\/royalhijyen.com\/en\/wp-content\/uploads\/2023\/02\/PHOTO-2021-09-01-02-09-27-768x1024.jpg 768w, https:\/\/royalhijyen.com\/en\/wp-content\/uploads\/2023\/02\/PHOTO-2021-09-01-02-09-27-1152x1536.jpg 1152w, https:\/\/royalhijyen.com\/en\/wp-content\/uploads\/2023\/02\/PHOTO-2021-09-01-02-09-27-600x800.jpg 600w, https:\/\/royalhijyen.com\/en\/wp-content\/uploads\/2023\/02\/PHOTO-2021-09-01-02-09-27.jpg 1200w\" sizes=\"auto, (max-width: 225px) 100vw, 225px\" title=\"\">  \t\t\t\t\t\t\t<div class=\"overlay\" style=\"background-color: rgba(0, 0, 0, 0.56)\"><\/div>  \t\t\t\t\t\t\t  \t\t\t\t\t\t<\/div>\n  \t\t\t\t\t\t  \t\t\t\t\t<\/div>\n          \t\t\t\t\t<div class=\"box-text text-center\" >\n\t\t\t\t\t<div class=\"box-text-inner blog-post-inner\">\n\n\t\t\t\t\t\n\t\t\t\t\t\t\t\t\t\t<h5 class=\"post-title is-large uppercase\">Bebek Bez Sevkiyat<\/h5>\n\t\t\t\t\t\t\t\t\t\t<div class=\"is-divider\"><\/div>\n\t\t\t\t\t\t\t\t\t\t<p class=\"from_the_blog_excerpt \">Baby Still Premium Bebek Bezi y\u00fcklemelerini ger\u00e7ekle\u015ftirdik. Y\u00fcklemelerimiz ba\u015far\u0131l\u0131\t\t\t\t\t<\/p>\n\t\t\t\t\t                    \n\t\t\t\t\t\n\t\t\t\t\t\n\t\t\t\t\t<\/div>\n\t\t\t\t\t<\/div>\n\t\t\t\t\t\t\t\t\t<\/div>\n\t\t\t\t<\/a>\n\t\t\t<\/div>\n\t\t<\/div><div class=\"col post-item\" data-animate=\"fadeInLeft\">\n\t\t\t<div class=\"col-inner\">\n\t\t\t<a href=\"https:\/\/royalhijyen.com\/en\/kazakistan-sevkiyat\/\" class=\"plain\">\n\t\t\t\t<div class=\"box box-overlay dark box-text-bottom box-blog-post has-hover\">\n            \t\t\t\t\t<div class=\"box-image\" >\n  \t\t\t\t\t\t<div class=\"image-color image-overlay-remove-50 image-cover\" style=\"padding-top:144%;\">\n  \t\t\t\t\t\t\t<img loading=\"lazy\" decoding=\"async\" width=\"225\" height=\"300\" src=\"https:\/\/royalhijyen.com\/en\/wp-content\/uploads\/2023\/02\/kazakistan-225x300.jpeg\" class=\"attachment-medium size-medium wp-post-image\" alt=\"Baby Diaper Production Royal Hygiene\" srcset=\"https:\/\/royalhijyen.com\/en\/wp-content\/uploads\/2023\/02\/kazakistan-225x300.jpeg 225w, https:\/\/royalhijyen.com\/en\/wp-content\/uploads\/2023\/02\/kazakistan-600x800.jpeg 600w, https:\/\/royalhijyen.com\/en\/wp-content\/uploads\/2023\/02\/kazakistan.jpeg 768w\" sizes=\"auto, (max-width: 225px) 100vw, 225px\" title=\"\">  \t\t\t\t\t\t\t<div class=\"overlay\" style=\"background-color: rgba(0, 0, 0, 0.56)\"><\/div>  \t\t\t\t\t\t\t  \t\t\t\t\t\t<\/div>\n  \t\t\t\t\t\t  \t\t\t\t\t<\/div>\n          \t\t\t\t\t<div class=\"box-text text-center\" >\n\t\t\t\t\t<div class=\"box-text-inner blog-post-inner\">\n\n\t\t\t\t\t\n\t\t\t\t\t\t\t\t\t\t<h5 class=\"post-title is-large uppercase\">Baby Diaper Sevkiyat<\/h5>\n\t\t\t\t\t\t\t\t\t\t<div class=\"is-divider\"><\/div>\n\t\t\t\t\t\t\t\t\t\t<p class=\"from_the_blog_excerpt \">Baby Still Premium Bebek Bezi y\u00fcklemelerini ger\u00e7ekle\u015ftirdik. Y\u00fcklemelerimiz ba\u015far\u0131l\u0131\t\t\t\t\t<\/p>\n\t\t\t\t\t                    \n\t\t\t\t\t\n\t\t\t\t\t\n\t\t\t\t\t<\/div>\n\t\t\t\t\t<\/div>\n\t\t\t\t\t\t\t\t\t<\/div>\n\t\t\t\t<\/a>\n\t\t\t<\/div>\n\t\t<\/div><\/div>\n\t\t<\/div>\n\n\t\t\n<style>\n#section_439569893 {\n  padding-top: 50px;\n  padding-bottom: 50px;\n}\n#section_439569893 .ux-shape-divider--top svg {\n  height: 150px;\n  --divider-top-width: 100%;\n}\n#section_439569893 .ux-shape-divider--bottom svg {\n  height: 150px;\n  --divider-width: 100%;\n}\n<\/style>\n\t<\/section>\n\t\n<h2>Blog<\/h2>\n","protected":false},"excerpt":{"rendered":"<p>Blog<\/p>\n","protected":false},"author":1,"featured_media":0,"parent":0,"menu_order":0,"comment_status":"closed","ping_status":"closed","template":"page-blank.php","meta":{"inline_featured_image":false,"_joinchat":[],"footnotes":""},"class_list":["post-990","page","type-page","status-publish","hentry"],"_links":{"self":[{"href":"https:\/\/royalhijyen.com\/en\/wp-json\/wp\/v2\/pages\/990","targetHints":{"allow":["GET"]}}],"collection":[{"href":"https:\/\/royalhijyen.com\/en\/wp-json\/wp\/v2\/pages"}],"about":[{"href":"https:\/\/royalhijyen.com\/en\/wp-json\/wp\/v2\/types\/page"}],"author":[{"embeddable":true,"href":"https:\/\/royalhijyen.com\/en\/wp-json\/wp\/v2\/users\/1"}],"replies":[{"embeddable":true,"href":"https:\/\/royalhijyen.com\/en\/wp-json\/wp\/v2\/comments?post=990"}],"version-history":[{"count":10,"href":"https:\/\/royalhijyen.com\/en\/wp-json\/wp\/v2\/pages\/990\/revisions"}],"predecessor-version":[{"id":1482,"href":"https:\/\/royalhijyen.com\/en\/wp-json\/wp\/v2\/pages\/990\/revisions\/1482"}],"wp:attachment":[{"href":"https:\/\/royalhijyen.com\/en\/wp-json\/wp\/v2\/media?parent=990"}],"curies":[{"name":"wp","href":"https:\/\/api.w.org\/{rel}","templated":true}]}}