{"id":300,"date":"2022-12-27T09:22:54","date_gmt":"2022-12-27T09:22:54","guid":{"rendered":"https:\/\/royalhijyen.com\/ru\/?page_id=300"},"modified":"2023-03-24T14:33:19","modified_gmt":"2023-03-24T14:33:19","slug":"%d0%be%d0%bd%d0%b0%d1%81","status":"publish","type":"page","link":"https:\/\/royalhijyen.com\/ru\/%d0%be%d0%bd%d0%b0%d1%81\/","title":{"rendered":"\u041e\u041d\u0410\u0421"},"content":{"rendered":"\t<section class=\"section\" id=\"section_1413739828\">\n\t\t<div class=\"bg section-bg fill bg-fill  bg-loaded\" >\n\n\t\t\t\n\t\t\t\n\t\t\t\n\n\t\t<\/div>\n\n\t\t\n\t<div class=\"ux-shape-divider ux-shape-divider--bottom ux-shape-divider--style-waves ux-shape-divider--to-front\">\n\t\t<svg viewBox=\"0 0 1200 120\" xmlns=\"http:\/\/www.w3.org\/2000\/svg\" preserveAspectRatio=\"none\">\n  <path class=\"ux-shape-fill\" d=\"M321.39 63.56c58 10.79 114.16 30.13 172 41.86 82.39 16.72 168.19 17.73 250.45.39C823.78 89 906.67 48 985.66 27.17c70.05-18.48 146.53-26.09 214.34-3V120H0V92.65a600.21 600.21 0 01321.39-29.09z\"\/>\n<\/svg>\n\t<\/div>\n\n\t\t<div class=\"section-content relative\">\n\t\t\t\n<div class=\"row row-collapse row-full-width\"  id=\"row-527230869\">\n\n\t<div id=\"col-1475023373\" class=\"col small-12 large-12\"  >\n\t\t\t\t<div class=\"col-inner\"  >\n\t\t\t\n\t\t\t\n\n  <div class=\"banner has-hover\" id=\"banner-2030361720\">\n          <div class=\"banner-inner fill\">\n        <div class=\"banner-bg fill\" >\n            <div class=\"bg fill bg-fill \"><\/div>\n                        <div class=\"overlay\"><\/div>            \n                    <\/div>\n\t\t\n        <div class=\"banner-layers container\">\n            <div class=\"fill banner-link\"><\/div>            \n   <div id=\"text-box-1337606536\" class=\"text-box banner-layer x15 md-x15 lg-x15 y30 md-y30 lg-y30 res-text\">\n                                <div class=\"text-box-content text dark\">\n              \n              <div class=\"text-inner text-center\">\n                  \n<h2 style=\"margin-bottom: 20px;\"><span style=\"font-size: 170%;\"><span style=\"font-family: impact, sans-serif;\">\u041e \u041d\u0410\u0421<\/span><\/span><\/h2>\n              <\/div>\n           <\/div>\n                            \n<style>\n#text-box-1337606536 {\n  margin: 0px 0px 0px 20px;\n  width: 61%;\n}\n#text-box-1337606536 .text-box-content {\n  font-size: 100%;\n}\n@media (min-width:550px) {\n  #text-box-1337606536 {\n    width: 20%;\n  }\n}\n<\/style>\n    <\/div>\n \n        <\/div>\n      <\/div>\n\n            \n<style>\n#banner-2030361720 {\n  padding-top: 90%;\n}\n#banner-2030361720 .bg.bg-loaded {\n  background-image: url(https:\/\/royalhijyen.com\/ru\/wp-content\/uploads\/2023\/02\/hakkimizda-baby-1.jpg);\n}\n#banner-2030361720 .overlay {\n  background-color: rgba(255, 205, 0, 0.471);\n}\n#banner-2030361720 .bg {\n  background-position: 0% 25%;\n}\n#banner-2030361720 .ux-shape-divider--top svg {\n  height: 150px;\n  --divider-top-width: 100%;\n}\n#banner-2030361720 .ux-shape-divider--bottom svg {\n  height: 150px;\n  --divider-width: 100%;\n}\n@media (min-width:550px) {\n  #banner-2030361720 {\n    padding-top: 29%;\n  }\n}\n<\/style>\n  <\/div>\n\n\n\t\t<\/div>\n\t\t\t\t\t<\/div>\n\n\t\n<\/div>\n\t\t<\/div>\n\n\t\t\n<style>\n#section_1413739828 {\n  padding-top: 0px;\n  padding-bottom: 0px;\n}\n#section_1413739828 .ux-shape-divider--top svg {\n  height: 150px;\n  --divider-top-width: 100%;\n}\n#section_1413739828 .ux-shape-divider--bottom svg {\n  height: 150px;\n  --divider-width: 197%;\n}\n<\/style>\n\t<\/section>\n\t\n\t<section class=\"section\" id=\"section_1600756869\">\n\t\t<div class=\"bg section-bg fill bg-fill  bg-loaded\" >\n\n\t\t\t\n\t\t\t\n\t\t\t\n\n\t\t<\/div>\n\n\t\t\n\n\t\t<div class=\"section-content relative\">\n\t\t\t\n<div class=\"row align-middle\"  id=\"row-1951165668\">\n\n\t<div id=\"col-1965156272\" class=\"col medium-6 small-12 large-6\"  >\n\t\t\t\t<div class=\"col-inner box-shadow-1\"  >\n\t\t\t\n\t\t\t\n\n  <div class=\"banner has-hover\" id=\"banner-2008207259\">\n          <div class=\"banner-inner fill\">\n        <div class=\"banner-bg fill\" >\n            <div class=\"bg fill bg-fill \"><\/div>\n                                    \n                    <\/div>\n\t\t\n        <div class=\"banner-layers container\">\n            <div class=\"fill banner-link\"><\/div>            \n        <\/div>\n      <\/div>\n\n              <div class=\"height-fix is-invisible\"><img loading=\"lazy\" decoding=\"async\" width=\"750\" height=\"750\" src=\"https:\/\/royalhijyen.com\/ru\/wp-content\/uploads\/2022\/12\/Royal-Hakkimizda-r.jpg\" class=\"attachment-original size-original\" alt=\"\" srcset=\"https:\/\/royalhijyen.com\/ru\/wp-content\/uploads\/2022\/12\/Royal-Hakkimizda-r.jpg 750w, https:\/\/royalhijyen.com\/ru\/wp-content\/uploads\/2022\/12\/Royal-Hakkimizda-r-300x300.jpg 300w, https:\/\/royalhijyen.com\/ru\/wp-content\/uploads\/2022\/12\/Royal-Hakkimizda-r-100x100.jpg 100w, https:\/\/royalhijyen.com\/ru\/wp-content\/uploads\/2022\/12\/Royal-Hakkimizda-r-600x600.jpg 600w, https:\/\/royalhijyen.com\/ru\/wp-content\/uploads\/2022\/12\/Royal-Hakkimizda-r-150x150.jpg 150w\" sizes=\"auto, (max-width: 750px) 100vw, 750px\" \/><\/div>\n            \n<style>\n#banner-2008207259 .bg.bg-loaded {\n  background-image: url(https:\/\/royalhijyen.com\/ru\/wp-content\/uploads\/2022\/12\/Royal-Hakkimizda-r.jpg);\n}\n#banner-2008207259 .bg {\n  background-position: 27% 78%;\n}\n#banner-2008207259 .ux-shape-divider--top svg {\n  height: 150px;\n  --divider-top-width: 100%;\n}\n#banner-2008207259 .ux-shape-divider--bottom svg {\n  height: 150px;\n  --divider-width: 100%;\n}\n<\/style>\n  <\/div>\n\n\n\t\t<\/div>\n\t\t\t\t\t<\/div>\n\n\t\n\n\t<div id=\"col-229927925\" class=\"col medium-6 small-12 large-6\"  >\n\t\t\t\t<div class=\"col-inner\"  >\n\t\t\t\n\t\t\t\n\t<div id=\"text-3547523667\" class=\"text\">\n\t\t\n<h5>\u041a\u0422\u041e \u041c\u042b?<\/h5>\n<h2 style=\"font-size: 38px;\"><span class=\"btitlesa\">Royal Hijyen<\/span> \u041e<\/h2>\n\t\t\n<style>\n#text-3547523667 {\n  text-align: left;\n}\n<\/style>\n\t<\/div>\n\t\n<p>\u0412 \u041b\u0418\u0426\u0415 \u041a\u041e\u041c\u041f\u0410\u041d\u0418\u0418 ROYAL H\u0130JYEN VE SA\u011eLIK \u00dcR\u00dcNLER\u0130 A.\u015e., \u041e\u0421\u041d\u041e\u0412\u042b \u041a\u041e\u0422\u041e\u0420\u041e\u0419 \u0411\u042b\u041b\u0418 \u0417\u0410\u041b\u041e\u0416\u0415\u041d\u042b \u0412 1988 \u0413\u041e\u0414\u0423, \u041c\u042b \u0420\u0410\u0411\u041e\u0422\u0410\u0415\u041c \u0412 \u0421\u0424\u0415\u0420\u0415 \u0413\u0418\u0413\u0418\u0415\u041d\u042b, \u0417\u0414\u041e\u0420\u041e\u0412\u042c\u042f \u0418 \u0427\u0418\u0421\u0422\u042f\u0429\u0418\u0425 \u0421\u0420\u0415\u0414\u0421\u0422\u0412. \u041c\u042b \u042d\u041a\u0421\u041f\u041e\u0420\u0422\u0418\u0420\u0423\u0415\u041c \u0413\u0418\u0413\u0418\u0415\u041d\u0418\u0427\u0415\u0421\u041a\u0418\u0415 \u0418 \u0427\u0418\u0421\u0422\u042f\u0429\u0418\u0415 \u0421\u0420\u0415\u0414\u0421\u0422\u0412\u0410, \u0422\u0410\u041a\u0418\u0415 \u041a\u0410\u041a \u0414\u0415\u0422\u0421\u041a\u0418\u0415 \u041f\u041e\u0414\u0413\u0423\u0417\u041d\u0418\u041a\u0418, \u041f\u041e\u0414\u0413\u0423\u0417\u041d\u0418\u041a\u0418 \u0414\u041b\u042f \u0412\u0417\u0420\u041e\u0421\u041b\u042b\u0425, \u0413\u0418\u0413\u0418\u0415\u041d\u0418\u0427\u0415\u0421\u041a\u0418\u0415 \u041f\u0420\u041e\u041a\u041b\u0410\u0414\u041a\u0418, \u041f\u041e\u041a\u0420\u042b\u0422\u0418\u042f \u0414\u041b\u042f \u041c\u0410\u0422\u0420\u0410\u0421\u041e\u0412 \u0418 \u0412\u041b\u0410\u0416\u041d\u042b\u0415 \u0421\u0410\u041b\u0424\u0415\u0422\u041a\u0418, \u041a\u041e\u0422\u041e\u0420\u042b\u0415 \u041f\u0420\u041e\u0418\u0417\u0412\u041e\u0414\u0418\u041c \u041d\u0410 \u041d\u0410\u0428\u0418\u0425 \u0417\u0410\u0412\u041e\u0414\u0410\u0425 \u0412 \u0422\u0423\u0420\u0426\u0418\u0418 \u041f\u041e\u0414 \u041d\u0410\u0428\u0418\u041c\u0418 \u0417\u0410\u041f\u0410\u0422\u0415\u041d\u0422\u041e\u0412\u0410\u041d\u041d\u042b\u041c\u0418 \u0411\u0420\u0415\u041d\u0414\u0410\u041c\u0418, \u0412 \u0411\u041e\u041b\u0415\u0415 \u0427\u0415\u041c 70 \u0421\u0422\u0420\u0410\u041d.<\/p>\n\t\t<\/div>\n\t\t\t\t\t<\/div>\n\n\t\n<\/div>\n\t\t<\/div>\n\n\t\t\n<style>\n#section_1600756869 {\n  padding-top: 60px;\n  padding-bottom: 60px;\n}\n#section_1600756869 .ux-shape-divider--top svg {\n  height: 150px;\n  --divider-top-width: 100%;\n}\n#section_1600756869 .ux-shape-divider--bottom svg {\n  height: 150px;\n  --divider-width: 100%;\n}\n<\/style>\n\t<\/section>\n\t\n\t<section class=\"section\" id=\"section_734782431\">\n\t\t<div class=\"bg section-bg fill bg-fill  bg-loaded\" >\n\n\t\t\t\n\t\t\t\n\t\t\t\n\n\t\t<\/div>\n\n\t\t\n\n\t\t<div class=\"section-content relative\">\n\t\t\t\n<div class=\"row align-middle\"  id=\"row-287017435\">\n\n\t<div id=\"col-189720610\" class=\"col medium-6 small-12 large-6\"  >\n\t\t\t\t<div class=\"col-inner\"  >\n\t\t\t\n\t\t\t\n\t<div id=\"text-497947044\" class=\"text\">\n\t\t\n<h5><span class=\"baslikkucuk\"><\/span> Royal Hijyen<\/h5>\n<h2 style=\"font-size: 38px;\"><span class=\"btitledark\">\u041f\u0410\u041d\u0414\u0415\u041c\u0418\u042f COV\u0130D &#8211; 19 <\/span> \u0418 \u041c\u0415\u041d\u042f\u042e\u0429\u0418\u0419\u0421\u042f \u041c\u0418\u0420<\/p>\n\t\t\n<style>\n#text-497947044 {\n  text-align: left;\n}\n<\/style>\n\t<\/div>\n\t\n<p>\u0418\u041d\u0422\u0415\u0420\u0415\u0421 \u0418 \u0418\u041d\u0412\u0415\u0421\u0422\u0418\u0426\u0418\u0418 \u0412 \u041d\u0410\u0428 \u0421\u0415\u041a\u0422\u041e\u0420 \u0423\u0412\u0415\u041b\u0418\u0427\u0418\u041b\u0418\u0421\u042c \u0418\u0417-\u0417\u0410 \u041f\u0410\u041d\u0414\u0415\u041c\u0418\u0418 COV\u0130D-19, \u041f\u041e\u0412\u042b\u0428\u0415\u041d\u0418\u042f \u0426\u0415\u041d \u041d\u0410 \u0414\u041e\u0421\u0422\u0410\u0412\u041a\u0423, \u0418\u0417\u041c\u0415\u041d\u0415\u041d\u0418\u042f \u041f\u041e\u0422\u0420\u0415\u0411\u0418\u0422\u0415\u041b\u042c\u0421\u041a\u0418\u0425 \u041f\u0420\u0418\u0412\u042b\u0427\u0415\u041a \u0418 \u041e\u0421\u041e\u0411\u0415\u041d\u041d\u041e \u0421\u042b\u0420\u042c\u0415\u0412\u041e\u0413\u041e \u041a\u0420\u0418\u0417\u0418\u0421\u0410 \u0412 \u0421\u0415\u041a\u0422\u041e\u0420\u0415 \u0413\u0418\u0413\u0418\u0415\u041d\u042b \u0418 \u0423\u0411\u041e\u0420\u041a\u0418. \u0412 \u0421\u041e\u041e\u0422\u0412\u0415\u0422\u0421\u0422\u0412\u0418\u0418 \u0421 \u0422\u0420\u0415\u0411\u041e\u0412\u0410\u041d\u0418\u042f\u041c\u0418 \u041c\u042b \u041d\u0410\u0427\u0410\u041b\u0418 \u041f\u041e\u0421\u0422\u0410\u0412\u041a\u0423, \u0423\u0421\u0422\u0410\u041d\u041e\u0412\u041a\u0423, \u0420\u0415\u0412\u0418\u0417\u0418\u042e \u0418 \u041e\u0411\u0421\u041b\u0423\u0416\u0418\u0412\u0410\u041d\u0418\u0415 \u0413\u0418\u0413\u0418\u0415\u041d\u0418\u0427\u0415\u0421\u041a\u0418\u0425 \u041c\u0410\u0428\u0418\u041d, \u0422\u0410\u041a\u0418\u0425 \u041a\u0410\u041a \u041c\u0410\u0428\u0418\u041d\u042b \u0414\u041b\u042f \u0414\u0415\u0422\u0421\u041a\u0418\u0425 \u041f\u041e\u0414\u0413\u0423\u0417\u041d\u0418\u041a\u041e\u0412, \u041c\u0410\u0428\u0418\u041d\u042b \u0414\u041b\u042f \u041f\u041e\u0414\u0413\u0423\u0417\u041d\u0418\u041a\u041e\u0412 \u0414\u041b\u042f \u0412\u0417\u0420\u041e\u0421\u041b\u042b\u0425, \u041c\u0410\u0428\u0418\u041d\u042b \u0414\u041b\u042f \u0413\u0418\u0413\u0418\u0415\u041d\u0418\u0427\u0415\u0421\u041a\u0418\u0425 \u041f\u0420\u041e\u041a\u041b\u0410\u0414\u041e\u041a, \u041c\u0410\u0428\u0418\u041d\u042b \u0414\u041b\u042f \u0422\u0423\u0410\u041b\u0415\u0422\u041d\u041e\u0419 \u0411\u0423\u041c\u0410\u0413\u0418, \u0412 \u0414\u0420\u0423\u0413\u0418\u0415 \u0421\u0422\u0420\u0410\u041d\u042b \u0418 \u0420\u0415\u0413\u0418\u041e\u041d\u042b, \u041f\u041e\u041c\u0418\u041c\u041e \u041d\u0410\u0428\u0415\u0413\u041e \u0421\u041e\u0411\u0421\u0422\u0412\u0415\u041d\u041d\u041e\u0413\u041e \u041f\u0420\u041e\u0418\u0417\u0412\u041e\u0414\u0421\u0422\u0412\u0410.<\/p>\n\t\t<\/div>\n\t\t\t\t\t<\/div>\n\n\t\n\n\t<div id=\"col-1609355778\" class=\"col medium-6 small-12 large-6\"  >\n\t\t\t\t<div class=\"col-inner box-shadow-1\"  >\n\t\t\t\n\t\t\t\n\n  <div class=\"banner has-hover\" id=\"banner-1464265341\">\n          <div class=\"banner-inner fill\">\n        <div class=\"banner-bg fill\" >\n            <div class=\"bg fill bg-fill \"><\/div>\n                                    \n                    <\/div>\n\t\t\n        <div class=\"banner-layers container\">\n            <div class=\"fill banner-link\"><\/div>            \n        <\/div>\n      <\/div>\n\n              <div class=\"height-fix is-invisible\"><img loading=\"lazy\" decoding=\"async\" width=\"750\" height=\"750\" src=\"https:\/\/royalhijyen.com\/ru\/wp-content\/uploads\/2022\/12\/Royal-Ne.jpg\" class=\"attachment-original size-original\" alt=\"\" srcset=\"https:\/\/royalhijyen.com\/ru\/wp-content\/uploads\/2022\/12\/Royal-Ne.jpg 750w, https:\/\/royalhijyen.com\/ru\/wp-content\/uploads\/2022\/12\/Royal-Ne-300x300.jpg 300w, https:\/\/royalhijyen.com\/ru\/wp-content\/uploads\/2022\/12\/Royal-Ne-100x100.jpg 100w, https:\/\/royalhijyen.com\/ru\/wp-content\/uploads\/2022\/12\/Royal-Ne-600x600.jpg 600w, https:\/\/royalhijyen.com\/ru\/wp-content\/uploads\/2022\/12\/Royal-Ne-150x150.jpg 150w\" sizes=\"auto, (max-width: 750px) 100vw, 750px\" \/><\/div>\n            \n<style>\n#banner-1464265341 .bg.bg-loaded {\n  background-image: url(https:\/\/royalhijyen.com\/ru\/wp-content\/uploads\/2022\/12\/Royal-Ne.jpg);\n}\n#banner-1464265341 .bg {\n  background-position: 27% 78%;\n}\n#banner-1464265341 .ux-shape-divider--top svg {\n  height: 150px;\n  --divider-top-width: 100%;\n}\n#banner-1464265341 .ux-shape-divider--bottom svg {\n  height: 150px;\n  --divider-width: 100%;\n}\n<\/style>\n  <\/div>\n\n\n\t\t<\/div>\n\t\t\t\t\t<\/div>\n\n\t\n<\/div>\n\t\t<\/div>\n\n\t\t\n<style>\n#section_734782431 {\n  padding-top: 60px;\n  padding-bottom: 60px;\n  background-color: rgb(255, 205, 0);\n}\n#section_734782431 .ux-shape-divider--top svg {\n  height: 150px;\n  --divider-top-width: 100%;\n}\n#section_734782431 .ux-shape-divider--bottom svg {\n  height: 150px;\n  --divider-width: 100%;\n}\n<\/style>\n\t<\/section>\n\t\n\t<section class=\"section\" id=\"section_748725345\">\n\t\t<div class=\"bg section-bg fill bg-fill  bg-loaded\" >\n\n\t\t\t\n\t\t\t\n\t\t\t\n\n\t\t<\/div>\n\n\t\t\n\n\t\t<div class=\"section-content relative\">\n\t\t\t\n<div class=\"row align-middle\"  id=\"row-1984055963\">\n\n\t<div id=\"col-1927924182\" class=\"col medium-6 small-12 large-6\"  >\n\t\t\t\t<div class=\"col-inner box-shadow-1\"  >\n\t\t\t\n\t\t\t\n\n  <div class=\"banner has-hover\" id=\"banner-931942056\">\n          <div class=\"banner-inner fill\">\n        <div class=\"banner-bg fill\" >\n            <div class=\"bg fill bg-fill \"><\/div>\n                                    \n                    <\/div>\n\t\t\n        <div class=\"banner-layers container\">\n            <div class=\"fill banner-link\"><\/div>            \n        <\/div>\n      <\/div>\n\n              <div class=\"height-fix is-invisible\"><img loading=\"lazy\" decoding=\"async\" width=\"750\" height=\"750\" src=\"https:\/\/royalhijyen.com\/ru\/wp-content\/uploads\/2022\/12\/Bebek-Bezi.jpg\" class=\"attachment-original size-original\" alt=\"Bebek Bezi\" srcset=\"https:\/\/royalhijyen.com\/ru\/wp-content\/uploads\/2022\/12\/Bebek-Bezi.jpg 750w, https:\/\/royalhijyen.com\/ru\/wp-content\/uploads\/2022\/12\/Bebek-Bezi-300x300.jpg 300w, https:\/\/royalhijyen.com\/ru\/wp-content\/uploads\/2022\/12\/Bebek-Bezi-100x100.jpg 100w, https:\/\/royalhijyen.com\/ru\/wp-content\/uploads\/2022\/12\/Bebek-Bezi-600x600.jpg 600w, https:\/\/royalhijyen.com\/ru\/wp-content\/uploads\/2022\/12\/Bebek-Bezi-150x150.jpg 150w\" sizes=\"auto, (max-width: 750px) 100vw, 750px\" \/><\/div>\n            \n<style>\n#banner-931942056 .bg.bg-loaded {\n  background-image: url(https:\/\/royalhijyen.com\/ru\/wp-content\/uploads\/2022\/12\/Bebek-Bezi.jpg);\n}\n#banner-931942056 .bg {\n  background-position: 27% 78%;\n}\n#banner-931942056 .ux-shape-divider--top svg {\n  height: 150px;\n  --divider-top-width: 100%;\n}\n#banner-931942056 .ux-shape-divider--bottom svg {\n  height: 150px;\n  --divider-width: 100%;\n}\n<\/style>\n  <\/div>\n\n\n\t\t<\/div>\n\t\t\t\t\t<\/div>\n\n\t\n\n\t<div id=\"col-1555794276\" class=\"col medium-6 small-12 large-6\"  >\n\t\t\t\t<div class=\"col-inner\"  >\n\t\t\t\n\t\t\t\n\t<div id=\"text-3284782362\" class=\"text\">\n\t\t\n<h5><span class=\"baslikkucuk\"><\/span> Royal Hijyen<\/h5>\n<h2 style=\"font-size: 38px;\"><span class=\"btitlesa\">\u041f\u0410\u0420\u0422\u041d\u0415\u0420\u0421\u0422\u0412\u041e<\/span> \u0412 \u041a\u041e\u0422\u041e\u0420\u041e\u041c \u0412\u042b\u0418\u0413\u0420\u042b\u0412\u0410\u042e\u0422 \u0412\u0421\u0415<\/p>\n\t\t\n<style>\n#text-3284782362 {\n  text-align: left;\n}\n<\/style>\n\t<\/div>\n\t\n<p>\u041d\u0410 \u0414\u0410\u041d\u041d\u042b\u0419 \u041c\u041e\u041c\u0415\u041d\u0422 \u041c\u042b \u0423\u0421\u041f\u0415\u0428\u041d\u041e \u0423\u0421\u0422\u0410\u041d\u041e\u0412\u0418\u041b\u0418 \u041e\u0411\u041e\u0420\u0423\u0414\u041e\u0412\u0410\u041d\u0418\u042f \u0414\u041b\u042f \u041d\u0410\u041f\u041e\u041b\u041d\u0415\u041d\u0418\u042f \u041f\u041e\u0414\u0413\u0423\u0417\u041d\u0418\u041a\u041e\u0412 \u0412 \u0422\u0423\u0420\u0426\u0418\u0418, \u041a\u0410\u0417\u0410\u0425\u0421\u0422\u0410\u041d\u0415 \u0418 \u0423\u0417\u0411\u0415\u041a\u0418\u0421\u0422\u0410\u041d\u0415, \u041c\u0410\u0428\u0418\u041d\u042b \u0414\u041b\u042f \u041d\u0410\u041f\u041e\u041b\u041d\u0415\u041d\u0418\u042f \u0422\u0423\u0410\u041b\u0415\u0422\u041d\u041e\u0419 \u0411\u0423\u041c\u0410\u0413\u041e\u0419 \u0412 \u0422\u0410\u0414\u0416\u0418\u041a\u0418\u0421\u0422\u0410\u041d\u0415 \u0418 \u041b\u0418\u0411\u0415\u0420\u0418\u0418, \u0410 \u0422\u0410\u041a\u0416\u0415 \u041c\u0410\u0428\u0418\u041d\u042b \u0414\u041b\u042f \u041d\u0410\u041f\u041e\u041b\u041d\u0415\u041d\u0418\u042f \u0412\u041b\u0410\u0416\u041d\u042b\u041c\u0418 \u0421\u0410\u041b\u0424\u0415\u0422\u041a\u0410\u041c\u0418 \u0418 \u041c\u041e\u042e\u0429\u0418\u041c\u0418 \u0421\u0420\u0415\u0414\u0421\u0422\u0412\u0410\u041c\u0418 \u0412 \u0410\u041d\u0413\u041e\u041b\u0415. \u041c\u042b \u041f\u0420\u041e\u0414\u041e\u041b\u0416\u0410\u0415\u041c \u0420\u0410\u0411\u041e\u0422\u0410\u0422\u042c \u0412 \u0421\u041e\u0417\u0414\u0410\u041d\u041d\u042b\u0425 \u041d\u0410\u041c\u0418 \u041e\u0411\u042a\u0415\u041a\u0422\u0410\u0425, \u041e\u041a\u0410\u0417\u042b\u0412\u0410\u042f \u0418\u041d\u0416\u0415\u041d\u0415\u0420\u041d\u0423\u042e \u0418 \u0421\u042b\u0420\u042c\u0415\u0412\u0423\u042e \u041f\u041e\u0414\u0414\u0415\u0420\u0416\u041a\u0423. \u0418\u041d\u0412\u0415\u0421\u0422\u041e\u0420\u042b, \u041a\u041e\u0422\u041e\u0420\u042b\u0415 \u041d\u0410\u0427\u041d\u0423\u0422 \u041d\u041e\u0412\u041e\u0415 \u041f\u0420\u041e\u0418\u0417\u0412\u041e\u0414\u0421\u0422\u0412\u041e \u041f\u0420\u0418 \u041f\u041e\u0414\u0414\u0415\u0420\u0416\u041a\u0415, \u041a\u041e\u0422\u041e\u0420\u0423\u042e \u041c\u042b \u041f\u0420\u0415\u0414\u041e\u0421\u0422\u0410\u0412\u041b\u042f\u0415\u041c, \u041f\u041e\u041b\u0423\u0427\u0410\u0422 \u0412\u042b\u0413\u041e\u0414\u0423 \u041e\u0422 \u041d\u0410\u0428\u0415\u0413\u041e \u0411\u041e\u041b\u0415\u0415 \u0427\u0415\u041c 30-\u041b\u0415\u0422\u041d\u0415\u0413\u041e \u041e\u041f\u042b\u0422\u0410 \u0412 \u041e\u0422\u0420\u0410\u0421\u041b\u0418, \u0411\u041e\u041b\u042c\u0428\u0418\u0415 \u041f\u0420\u0415\u0418\u041c\u0423\u0429\u0415\u0421\u0422\u0412\u0410 \u0417\u0410 \u041a\u041e\u0420\u041e\u0422\u041a\u041e\u0415 \u0412\u0420\u0415\u041c\u042f \u0418 \u041e\u041a\u0410\u0416\u0423\u0422\u0421\u042f \u041d\u0410 \u0428\u0410\u0413 \u0412\u041f\u0415\u0420\u0415\u0414\u0418 \u0421\u0412\u041e\u0418\u0425 \u041a\u041e\u041d\u041a\u0423\u0420\u0415\u041d\u0422\u041e\u0412.<br \/>\n\u041f\u041e\u041c\u0418\u041c\u041e \u041c\u0410\u0428\u0418\u041d \u0414\u041b\u042f \u0413\u0418\u0413\u0418\u0415\u041d\u042b, \u041c\u042b \u0422\u0410\u041a\u0416\u0415 \u041f\u041e\u0421\u0422\u0410\u0412\u041b\u042f\u0415\u041c \u0412\u0421\u0415 \u0412\u0418\u0414\u042b \u0421\u042b\u0420\u042c\u042f \u0414\u041b\u042f \u0414\u0415\u0422\u0421\u041a\u0418\u0425 \u041f\u041e\u0414\u0413\u0423\u0417\u041d\u0418\u041a\u041e\u0412, \u0422\u0410\u041a\u0418\u0415 \u041a\u0410\u041a: \u0421\u0423\u041f\u0415\u0420\u0412\u041f\u0418\u0422\u042b\u0412\u0410\u042e\u0429\u0418\u0419 \u041f\u041e\u041b\u0418\u041c\u0415\u0420 \u2013 SAP (\u0421\u0412\u0415\u0420\u0425\u0412\u041f\u0418\u0422\u042b\u0412\u0410\u042e\u0429\u0418\u0419 \u041f\u041e\u041b\u0418\u041c\u0415\u0420), \u0426\u0415\u041b\u041b\u042e\u041b\u041e\u0417\u0410, \u041d\u0415\u0422\u041a\u0410\u041d\u042b\u0419 \u041c\u0410\u0422\u0415\u0420\u0418\u0410\u041b \u0414\u041b\u042f \u041f\u041e\u041a\u0420\u042b\u0422\u0418\u042f \u0421\u0415\u0420\u0414\u0426\u0415\u0412\u0418\u041d\u042b, \u041d\u0415\u0422\u041a\u0410\u041d\u042b\u0419 \u041c\u0410\u0422\u0415\u0420\u0418\u0410\u041b \u0414\u041b\u042f \u0422\u041a\u0410\u041d\u0418, \u041f\u0420\u0418\u0415\u041c\u041d\u042b\u0419\/\u0420\u0410\u0421\u041f\u0420\u0415\u0414\u0415\u041b\u042f\u042e\u0429\u0418\u0419 \u0421\u041b\u041e\u0419 \u2013 ADL, \u041a\u041b\u0415\u0419-\u0420\u0410\u0421\u041f\u041b\u0410\u0412 (\u041a\u041b\u0415\u0419-\u0420\u0410\u0421\u041f\u041b\u0410\u0412) \u041c\u042b \u041f\u041e\u0421\u0422\u0410\u0412\u041b\u042f\u0415\u041c \u0422\u0410\u041a\u0418\u0415 \u0421\u042b\u0420\u042c\u0415\u0412\u042b\u0415 \u041c\u0410\u0422\u0415\u0420\u0418\u0410\u041b\u042b, \u041a\u0410\u041a \u0421\u041f\u0410\u041d\u0414\u0415\u041a\u0421. \u041f\u0420\u042f\u0416\u0410 (LYCRA), \u0424\u0420\u041e\u041d\u0422\u0410\u041b\u042c\u041d\u0410\u042f \u041b\u0415\u041d\u0422\u0410 (ON TAPE), \u0411\u041e\u041a\u041e\u0412\u0410\u042f \u041b\u0415\u041d\u0422\u0410 (S\u0130DE TAPE), \u042d\u041b\u0410\u0421\u0422\u0418\u0427\u041d\u0410\u042f \u0423\u0428\u041d\u0410\u042f (ELAST\u0130C EAR) \u0418 \u041f\u0410\u041a\u0415\u0422\u042b (INNER-OUTER PACKAG\u0130NG) \u0414\u041b\u042f \u041d\u0410\u0428\u0418\u0425 \u0420\u0410\u0417\u041d\u042b\u0425 \u041f\u0420\u041e\u0418\u0417\u0412\u041e\u0414\u0418\u0422\u0415\u041b\u0415\u0419 \u0412 \u0420\u0410\u0417\u041d\u042b\u0425 \u0421\u0422\u0420\u0410\u041d\u0410\u0425.<br \/>\n\u0412 \u041b\u0418\u0426\u0415 \u041a\u041e\u041c\u041f\u0410\u041d\u0418\u0418 ROYAL H\u0130JYEN, \u041c\u042b \u041e\u0421\u0423\u0429\u0415\u0421\u0422\u0412\u041b\u042f\u0415\u041c \u0412\u0421\u042e \u0421\u0412\u041e\u042e \u0414\u0415\u042f\u0422\u0415\u041b\u042c\u041d\u041e\u0421\u0422\u042c \u0412 \u0420\u0410\u041c\u041a\u0410\u0425 \u0423\u0412\u0410\u0416\u0415\u041d\u0418\u042f \u0418 \u041f\u041e\u041b\u042c\u0417\u042b \u0414\u041b\u042f \u041b\u042e\u0414\u0415\u0419, \u041e\u0411\u0429\u0415\u0421\u0422\u0412\u0410 \u0418 \u041e\u041a\u0420\u0423\u0416\u0410\u042e\u0429\u0415\u0419 \u0421\u0420\u0415\u0414\u042b, \u041a\u041e\u0422\u041e\u0420\u0410\u042f \u041c\u0415\u041d\u042f\u0415\u0422\u0421\u042f \u041a\u0410\u0416\u0414\u042b\u0419 \u0414\u0415\u041d\u042c, \u041a\u0410\u0416\u0414\u042b\u0419 \u0427\u0410\u0421, \u0411\u041e\u041b\u0415\u0415 \u0427\u0415\u041c 30 \u041b\u0415\u0422<\/p>\n\t\t<\/div>\n\t\t\t\t\t<\/div>\n\n\t\n<\/div>\n\t\t<\/div>\n\n\t\t\n<style>\n#section_748725345 {\n  padding-top: 60px;\n  padding-bottom: 60px;\n}\n#section_748725345 .ux-shape-divider--top svg {\n  height: 150px;\n  --divider-top-width: 100%;\n}\n#section_748725345 .ux-shape-divider--bottom svg {\n  height: 150px;\n  --divider-width: 100%;\n}\n<\/style>\n\t<\/section>\n\t\n","protected":false},"excerpt":{"rendered":"","protected":false},"author":1,"featured_media":0,"parent":0,"menu_order":0,"comment_status":"closed","ping_status":"closed","template":"page-blank.php","meta":{"inline_featured_image":false,"_joinchat":[],"footnotes":""},"class_list":["post-300","page","type-page","status-publish","hentry"],"_links":{"self":[{"href":"https:\/\/royalhijyen.com\/ru\/wp-json\/wp\/v2\/pages\/300","targetHints":{"allow":["GET"]}}],"collection":[{"href":"https:\/\/royalhijyen.com\/ru\/wp-json\/wp\/v2\/pages"}],"about":[{"href":"https:\/\/royalhijyen.com\/ru\/wp-json\/wp\/v2\/types\/page"}],"author":[{"embeddable":true,"href":"https:\/\/royalhijyen.com\/ru\/wp-json\/wp\/v2\/users\/1"}],"replies":[{"embeddable":true,"href":"https:\/\/royalhijyen.com\/ru\/wp-json\/wp\/v2\/comments?post=300"}],"version-history":[{"count":19,"href":"https:\/\/royalhijyen.com\/ru\/wp-json\/wp\/v2\/pages\/300\/revisions"}],"predecessor-version":[{"id":1122,"href":"https:\/\/royalhijyen.com\/ru\/wp-json\/wp\/v2\/pages\/300\/revisions\/1122"}],"wp:attachment":[{"href":"https:\/\/royalhijyen.com\/ru\/wp-json\/wp\/v2\/media?parent=300"}],"curies":[{"name":"wp","href":"https:\/\/api.w.org\/{rel}","templated":true}]}}